{"id":64,"date":"2024-10-02T22:11:35","date_gmt":"2024-10-02T20:11:35","guid":{"rendered":"https:\/\/www.terredemilpa.fr\/?page_id=64"},"modified":"2025-05-28T17:09:58","modified_gmt":"2025-05-28T15:09:58","slug":"lassociation-2","status":"publish","type":"page","link":"https:\/\/www.terredemilpa.fr\/?page_id=64","title":{"rendered":"L\u2019association Terre de Milpa"},"content":{"rendered":"\n<div class=\"wp-block-columns is-layout-flex wp-container-core-columns-is-layout-28f84493 wp-block-columns-is-layout-flex\">\n<div class=\"wp-block-column is-layout-flow wp-block-column-is-layout-flow\" style=\"flex-basis:33.33%\">\n<figure class=\"wp-block-image size-full is-resized\"><img loading=\"lazy\" decoding=\"async\" width=\"769\" height=\"1024\" src=\"https:\/\/www.terredemilpa.fr\/wp-content\/uploads\/2024\/10\/femme-inde-biche.jpg\" alt=\"\" class=\"wp-image-148\" style=\"width:199px;height:auto\" srcset=\"https:\/\/www.terredemilpa.fr\/wp-content\/uploads\/2024\/10\/femme-inde-biche.jpg 769w, https:\/\/www.terredemilpa.fr\/wp-content\/uploads\/2024\/10\/femme-inde-biche-225x300.jpg 225w\" sizes=\"auto, (max-width: 769px) 100vw, 769px\" \/><\/figure>\n<\/div>\n\n\n\n<div class=\"wp-block-column is-vertically-aligned-center is-layout-flow wp-block-column-is-layout-flow\" style=\"flex-basis:66.66%\">\n<p class=\"dm_justify;\"><strong>L\u2019association Terre de Milpa a \u00e9t\u00e9 cr\u00e9\u00e9e en mars 2020 par sept lyonnais.es voulant donner vie \u00e0 ce projet.<\/strong> Nous avons la conviction qu\u2019un changement profond de la conduite de l\u2019\u00e9conomie, qui mettrait l\u2019emploi et l\u2019environnement au c\u0153ur des priorit\u00e9s de la soci\u00e9t\u00e9, permettra de faire reculer l\u2019exclusion et de garantir aux g\u00e9n\u00e9rations futures une nature riche et pr\u00e9serv\u00e9e. <strong>L\u2019agro\u00e9cologie permet de nourrir le monde en pr\u00e9servant notre sant\u00e9 et notre environnement.<\/strong><\/p>\n<\/div>\n<\/div>\n\n\n\n<p class=\"dm_justify;\">Le projet contribue \u00e0 la <strong>s\u00e9curit\u00e9 alimentaire par l\u2019approvisionnement local en fruits et l\u00e9gumes bio des habitants de nos territoires<\/strong>. La crise du COVID19 a accentu\u00e9 la mis\u00e8re en France, et les femmes sont particuli\u00e8rement touch\u00e9es. Le projet poss\u00e8de <strong>une vocation sociale forte<\/strong> et apporte un <strong>lieu de ressourcement et de r\u00e9insertion pour des femmes en situation de vuln\u00e9rabilit\u00e9<\/strong>.<\/p>\n\n\n\n<p class=\"dm_justify;\">Ces \u00e9l\u00e9ments sont \u00e0 la base du projet associatif de Terre de Milpa, anim\u00e9 par des principes la\u00efcs et d\u00e9mocratiques et fermement ancr\u00e9 dans l\u2019\u00e9conomie sociale et solidaire. L&rsquo;association est reconnue d&rsquo;int\u00e9r\u00eat g\u00e9n\u00e9ral. Les statuts de l\u2019association int\u00e8grent la sociocratie comme mode de gouvernance et de prise de d\u00e9cisions. <\/p>\n\n\n\n<p class=\"dm_justify;\"><a href=\"https:\/\/www.terredemilpa.fr\/wp-content\/uploads\/2024\/10\/Statuts_TDM_EN_VIGUEUR_AGE20juil22.pdf\">Acc\u00e9der aux statuts de l&rsquo;Association Terre de Milpa<\/a><\/p>\n\n\n\n<p class=\"dm_justify;\"><\/p>\n\n\n\n<h2 class=\"wp-block-heading has-text-align-center\">Un collectif au service du projet TERRE DE MILPA<\/h2>\n\n\n\n<p class=\"dm_justify;\">En 2022, c&rsquo;est plus de trente b\u00e9n\u00e9voles actif.ves qui pr\u00e9parent le projet Terre de Milpa, au sein de groupes de travail tels que : \u00ab\u00a0le projet agricole\u00a0\u00bb, \u00ab\u00a0les femmes et le projet social\u00a0\u00bb, \u00ab\u00a0la communication\u00a0\u00bb&nbsp; ou \u00ab\u00a0la structuration de l&rsquo;association\u00a0\u00bb. Les d\u00e9cisions se prennent par consentement.<\/p>\n\n\n\n<p><\/p>\n\n\n\n<h3 class=\"wp-block-heading has-text-align-center\">Pr\u00e9sentation du conseil d&rsquo;administration <\/h3>\n\n\n\n<p>Au 1er octobre 2024, le conseil d&rsquo;administration est compos\u00e9 de 9 administratrices. Le bureau est compos\u00e9 de deux co-pr\u00e9sidentes, une secr\u00e9taire et une tr\u00e9sori\u00e8re.<\/p>\n\n\n\n<figure class=\"wp-block-image aligncenter size-large is-resized\"><img loading=\"lazy\" decoding=\"async\" width=\"1024\" height=\"658\" src=\"https:\/\/www.terredemilpa.fr\/wp-content\/uploads\/2024\/11\/Codir-1024x658.png\" alt=\"\" class=\"wp-image-289\" style=\"width:820px;height:auto\" srcset=\"https:\/\/www.terredemilpa.fr\/wp-content\/uploads\/2024\/11\/Codir-1024x658.png 1024w, https:\/\/www.terredemilpa.fr\/wp-content\/uploads\/2024\/11\/Codir-300x193.png 300w, https:\/\/www.terredemilpa.fr\/wp-content\/uploads\/2024\/11\/Codir-768x494.png 768w, https:\/\/www.terredemilpa.fr\/wp-content\/uploads\/2024\/11\/Codir.png 1400w\" sizes=\"auto, (max-width: 1024px) 100vw, 1024px\" \/><\/figure>\n\n\n\n<p><\/p>\n\n\n\n<h3 class=\"wp-block-heading has-text-align-center\">Les membres du conseil d\u2019administration \u00ab\u00a0d&rsquo;origine\u00a0\u00bb (2020) nous parlent du projet au d\u00e9marrage <\/h3>\n\n\n\n<div class=\"wp-block-columns is-layout-flex wp-container-core-columns-is-layout-28f84493 wp-block-columns-is-layout-flex\">\n<div class=\"wp-block-column is-vertically-aligned-center is-layout-flow wp-block-column-is-layout-flow\" style=\"flex-basis:33.33%\">\n<figure class=\"wp-block-image size-full is-resized\"><img loading=\"lazy\" decoding=\"async\" width=\"353\" height=\"353\" src=\"https:\/\/www.terredemilpa.fr\/wp-content\/uploads\/2024\/10\/olivia.jpg\" alt=\"\" class=\"wp-image-155\" style=\"width:215px;height:auto\" srcset=\"https:\/\/www.terredemilpa.fr\/wp-content\/uploads\/2024\/10\/olivia.jpg 353w, https:\/\/www.terredemilpa.fr\/wp-content\/uploads\/2024\/10\/olivia-300x300.jpg 300w, https:\/\/www.terredemilpa.fr\/wp-content\/uploads\/2024\/10\/olivia-150x150.jpg 150w\" sizes=\"auto, (max-width: 353px) 100vw, 353px\" \/><\/figure>\n<\/div>\n\n\n\n<div class=\"wp-block-column is-vertically-aligned-center is-layout-flow wp-block-column-is-layout-flow\" style=\"flex-basis:66.66%\">\n<pre class=\"wp-block-code dm_justify;\"><code><strong>Olivia de Roubin<\/strong> : Ing\u00e9nieure en G\u00e9otechnique G\u00e9nie Civil de formation initiale et interpell\u00e9e depuis de nombreuses ann\u00e9es par le devenir de notre plan\u00e8te, j\u2019ai fait un mast\u00e8re sp\u00e9cialis\u00e9 \u00e0 l\u2019INSA de Lyon dans le domaine du d\u00e9veloppement durable en 2014. En 2016 j\u2019ai commenc\u00e9 \u00e0 penser au projet \u00ab\u00a0<strong>Terre de Milpa<\/strong>\u00a0\u00bb apr\u00e8s avoir suivi la formation en ligne \u00ab\u00a0<em><strong>concevoir une oasis<\/strong>\u00a0<\/em>\u00bb des Colibris. J\u2019ai d\u00e9cid\u00e9 d\u2019y croire vraiment en novembre 2019 et j\u2019ai rassembl\u00e9 autour de moi cinq femmes pour le porter en cr\u00e9ant l\u2019association le 31 mars 2020.<\/code><\/pre>\n<\/div>\n<\/div>\n\n\n\n<div class=\"wp-block-columns is-layout-flex wp-container-core-columns-is-layout-28f84493 wp-block-columns-is-layout-flex\">\n<div class=\"wp-block-column is-layout-flow wp-block-column-is-layout-flow\" style=\"flex-basis:33.33%\">\n<figure class=\"wp-block-image size-full is-resized\"><img loading=\"lazy\" decoding=\"async\" width=\"361\" height=\"361\" src=\"https:\/\/www.terredemilpa.fr\/wp-content\/uploads\/2024\/10\/img_3181-hind.jpg\" alt=\"\" class=\"wp-image-157\" style=\"width:214px;height:auto\" srcset=\"https:\/\/www.terredemilpa.fr\/wp-content\/uploads\/2024\/10\/img_3181-hind.jpg 361w, https:\/\/www.terredemilpa.fr\/wp-content\/uploads\/2024\/10\/img_3181-hind-300x300.jpg 300w, https:\/\/www.terredemilpa.fr\/wp-content\/uploads\/2024\/10\/img_3181-hind-150x150.jpg 150w\" sizes=\"auto, (max-width: 361px) 100vw, 361px\" \/><\/figure>\n<\/div>\n\n\n\n<div class=\"wp-block-column is-layout-flow wp-block-column-is-layout-flow\" style=\"flex-basis:66.66%\">\n<pre class=\"wp-block-code dm_justify;\"><code><strong>Hind Nait Barka <\/strong>: Je suis paysagiste conceptrice, titulaire d\u2019un BTSA Am\u00e9nagements paysagers. Ayant grandi \u00e0 Casablanca, Dijon et Lyon, j\u2019ai suivi mes \u00e9tudes sup\u00e9rieures dans le sud de la France et je suis de retour \u00e0 Lyon apr\u00e8s 3 ans en tant que paysagiste ind\u00e9pendante en Corse. J\u2019ai eu l\u2019occasion de participer \u00e0 des projets en lien avec la permaculture et ai particip\u00e9 \u00e0 la remise en culture de jardins familiaux utilisant des techniques biodynamiques. Aujourd\u2019hui, je travaille \u00e0 la M\u00e9tropole de Lyon au sein du service Patrimoine v\u00e9g\u00e9tal, je contribue \u00e0 la valorisation de la nature en ville sur le territoire du Grand Lyon. Depuis mon retour en ville, le contact avec la terre me manque, et ce projet, alliant permaculture, insertion des femmes et bienveillance, me touche particuli\u00e8rement.<\/code><\/pre>\n<\/div>\n<\/div>\n\n\n\n<div class=\"wp-block-columns is-layout-flex wp-container-core-columns-is-layout-28f84493 wp-block-columns-is-layout-flex\">\n<div class=\"wp-block-column is-layout-flow wp-block-column-is-layout-flow\" style=\"flex-basis:33.33%\">\n<figure class=\"wp-block-image size-full is-resized\"><img loading=\"lazy\" decoding=\"async\" width=\"370\" height=\"352\" src=\"https:\/\/www.terredemilpa.fr\/wp-content\/uploads\/2024\/10\/claudine.jpg\" alt=\"\" class=\"wp-image-158\" style=\"width:211px;height:auto\" srcset=\"https:\/\/www.terredemilpa.fr\/wp-content\/uploads\/2024\/10\/claudine.jpg 370w, https:\/\/www.terredemilpa.fr\/wp-content\/uploads\/2024\/10\/claudine-300x285.jpg 300w\" sizes=\"auto, (max-width: 370px) 100vw, 370px\" \/><\/figure>\n<\/div>\n\n\n\n<div class=\"wp-block-column is-layout-flow wp-block-column-is-layout-flow\" style=\"flex-basis:66.66%\">\n<pre class=\"wp-block-code dm_justify;\"><code><strong>Claudine Gadoulet <\/strong>: Je travaille \u00e0 la M\u00e9tropole de Lyon, en tant que charg\u00e9e de projets transversaux dans la fili\u00e8re administrative. J\u2019ai en charge l\u2019organisation et le suivi du classement des documents de ma direction (Patrimoine v\u00e9g\u00e9tal), la gestion de la phototh\u00e8que, la veille sur les relev\u00e9s de d\u00e9cisions, le pilotage des dossiers de renouvellement labels \u00e9co-jardin et jardin remarquable. Passionn\u00e9e par la nature, l\u2019\u00e9cologie, la randonn\u00e9e. J\u2019ai eu envie de participer \u00e0 l\u2019aventure de la fondation de Terre de Milpa car j\u2019aime les aventures collectives et sais la n\u00e9cessit\u00e9 d\u2019\u0153uvrer pour notre plan\u00e8te.<\/code><\/pre>\n<\/div>\n<\/div>\n\n\n\n<div class=\"wp-block-columns is-layout-flex wp-container-core-columns-is-layout-28f84493 wp-block-columns-is-layout-flex\">\n<div class=\"wp-block-column is-layout-flow wp-block-column-is-layout-flow\" style=\"flex-basis:33.33%\">\n<figure class=\"wp-block-image size-full is-resized\"><img loading=\"lazy\" decoding=\"async\" width=\"400\" height=\"400\" src=\"https:\/\/www.terredemilpa.fr\/wp-content\/uploads\/2024\/10\/geraldine.jpg\" alt=\"\" class=\"wp-image-159\" style=\"width:211px;height:auto\" srcset=\"https:\/\/www.terredemilpa.fr\/wp-content\/uploads\/2024\/10\/geraldine.jpg 400w, https:\/\/www.terredemilpa.fr\/wp-content\/uploads\/2024\/10\/geraldine-300x300.jpg 300w, https:\/\/www.terredemilpa.fr\/wp-content\/uploads\/2024\/10\/geraldine-150x150.jpg 150w\" sizes=\"auto, (max-width: 400px) 100vw, 400px\" \/><\/figure>\n<\/div>\n\n\n\n<div class=\"wp-block-column is-layout-flow wp-block-column-is-layout-flow\" style=\"flex-basis:66.66%\">\n<pre class=\"wp-block-code pascal;\"><code><strong>G\u00e9raldine Coudreuse<\/strong> : Actuellement r\u00e9dactrice technique dans une PME de travaux publics, \u00e0 46 ans, je souhaite changer d\u2019activit\u00e9(s) et donner plus de sens \u00e0 l\u2019\u00e9nergie que je d\u00e9ploie pour gagner ma vie et \u00e9lever mes deux filles. Le projet d\u2019Olivia rejoint compl\u00e8tement mes aspirations\u00a0: produire notre nourriture dans le respect de la Terre et des \u00eatres humains qui la cultivent. Petite-fille d\u2019agriculteurs, fille de retrait\u00e9s-jardiniers\u2026 baign\u00e9e par cette culture du travail de la terre, j\u2019ai envie de participer \u00e0 la cr\u00e9ation et \u00e0 la vie de notre nouvelle association\u00a0! <\/code><\/pre>\n<\/div>\n<\/div>\n\n\n\n<div class=\"wp-block-columns is-layout-flex wp-container-core-columns-is-layout-28f84493 wp-block-columns-is-layout-flex\">\n<div class=\"wp-block-column is-layout-flow wp-block-column-is-layout-flow\" style=\"flex-basis:33.33%\">\n<figure class=\"wp-block-image size-full is-resized\"><img loading=\"lazy\" decoding=\"async\" width=\"424\" height=\"422\" src=\"https:\/\/www.terredemilpa.fr\/wp-content\/uploads\/2024\/10\/anne-gael.jpg\" alt=\"\" class=\"wp-image-160\" style=\"width:210px;height:auto\" srcset=\"https:\/\/www.terredemilpa.fr\/wp-content\/uploads\/2024\/10\/anne-gael.jpg 424w, https:\/\/www.terredemilpa.fr\/wp-content\/uploads\/2024\/10\/anne-gael-300x300.jpg 300w, https:\/\/www.terredemilpa.fr\/wp-content\/uploads\/2024\/10\/anne-gael-150x150.jpg 150w\" sizes=\"auto, (max-width: 424px) 100vw, 424px\" \/><\/figure>\n<\/div>\n\n\n\n<div class=\"wp-block-column is-layout-flow wp-block-column-is-layout-flow\" style=\"flex-basis:66.66%\">\n<pre class=\"wp-block-code dm_justify;\"><code><strong>Anne-Ga\u00ebl Erard<\/strong> (par Olivia) : C\u2019est la premi\u00e8re personne qui a dit \u00ab\u00a0oui\u00a0\u00bb quand je lui ai pr\u00e9sent\u00e9 mon projet, avec un enthousiasme qui m\u2019a touch\u00e9e et m\u2019a donn\u00e9 de l\u2019\u00e9nergie pour y croire et m\u2019y investir. Anne-Ga\u00ebl a amen\u00e9 la sociocratie dans l\u2019organisation et la gouvernance de l\u2019association. J\u2019ai beaucoup appris \u00e0 son contact, en particulier qu\u2019il est possible de travailler collectivement diff\u00e9remment\u00a0; des modes de communication respectueux des \u00eatres humains (elle est formatrice en communication non violente, parmi les nombreuses cordes \u00e0 son arc) et des organisations efficaces existent et fonctionnent.<\/code><\/pre>\n<\/div>\n<\/div>\n\n\n\n<div class=\"wp-block-columns is-layout-flex wp-container-core-columns-is-layout-28f84493 wp-block-columns-is-layout-flex\">\n<div class=\"wp-block-column is-layout-flow wp-block-column-is-layout-flow\" style=\"flex-basis:33.33%\">\n<figure class=\"wp-block-image size-full is-resized\"><img loading=\"lazy\" decoding=\"async\" width=\"303\" height=\"304\" src=\"https:\/\/www.terredemilpa.fr\/wp-content\/uploads\/2024\/10\/nathalie-1.jpg\" alt=\"\" class=\"wp-image-161\" style=\"width:209px;height:auto\" srcset=\"https:\/\/www.terredemilpa.fr\/wp-content\/uploads\/2024\/10\/nathalie-1.jpg 303w, https:\/\/www.terredemilpa.fr\/wp-content\/uploads\/2024\/10\/nathalie-1-300x300.jpg 300w, https:\/\/www.terredemilpa.fr\/wp-content\/uploads\/2024\/10\/nathalie-1-150x150.jpg 150w\" sizes=\"auto, (max-width: 303px) 100vw, 303px\" \/><\/figure>\n<\/div>\n\n\n\n<div class=\"wp-block-column is-layout-flow wp-block-column-is-layout-flow\" style=\"flex-basis:66.66%\">\n<pre class=\"wp-block-code dm_justify;\"><code><strong>Nathalie Thomas<\/strong> : Juriste d\u2019entreprise pendant 10 ans et passionn\u00e9e depuis toujours par les questions environnementales, je me suis reconvertie en 2014 apr\u00e8s un mast\u00e8re en Management de l\u2019Environnement et de l\u2019Eco-Efficacit\u00e9 Energ\u00e9tique \u00e0 l\u2019INSA de Lyon. Je suis aujourd\u2019hui cheffe de projets europ\u00e9ens dans une collectivit\u00e9 territoriale et travaille sur des projets li\u00e9s \u00e0 l\u2019environnement et la transition \u00e9cologique. Persuad\u00e9e que nous devons changer notre mod\u00e8le de production agricole et notre lien aux autres et \u00e0 la Terre, le projet de \u00ab&nbsp;Terre de Milpa&nbsp;\u00bb est pour moi une mani\u00e8re d\u2019avancer collectivement vers une soci\u00e9t\u00e9 plus r\u00e9siliente.<\/code><\/pre>\n<\/div>\n<\/div>\n\n\n\n<div class=\"wp-block-columns is-layout-flex wp-container-core-columns-is-layout-28f84493 wp-block-columns-is-layout-flex\">\n<div class=\"wp-block-column is-layout-flow wp-block-column-is-layout-flow\" style=\"flex-basis:33.33%\">\n<figure class=\"wp-block-image size-large is-resized\"><img loading=\"lazy\" decoding=\"async\" width=\"1013\" height=\"1024\" src=\"https:\/\/www.terredemilpa.fr\/wp-content\/uploads\/2024\/10\/Photo_Denis-Gabriel2-1013x1024.jpg\" alt=\"\" class=\"wp-image-162\" style=\"width:207px;height:auto\" srcset=\"https:\/\/www.terredemilpa.fr\/wp-content\/uploads\/2024\/10\/Photo_Denis-Gabriel2-1013x1024.jpg 1013w, https:\/\/www.terredemilpa.fr\/wp-content\/uploads\/2024\/10\/Photo_Denis-Gabriel2-297x300.jpg 297w, https:\/\/www.terredemilpa.fr\/wp-content\/uploads\/2024\/10\/Photo_Denis-Gabriel2-768x777.jpg 768w, https:\/\/www.terredemilpa.fr\/wp-content\/uploads\/2024\/10\/Photo_Denis-Gabriel2.jpg 1248w\" sizes=\"auto, (max-width: 1013px) 100vw, 1013px\" \/><\/figure>\n<\/div>\n\n\n\n<div class=\"wp-block-column is-layout-flow wp-block-column-is-layout-flow\" style=\"flex-basis:66.66%\">\n<p class=\"dm_justify;\"><strong>Denis Gabriel Galland<\/strong> : Responsable de structures d&rsquo;insertion socio-professionnelle depuis plus de 10 ans, j&rsquo;aime m&rsquo;investir dans des projets ambitieux cherchant \u00e0 faire \u00e9voluer les mod\u00e8les que nous reproduisons inlassablement depuis des dizaines d&rsquo;ann\u00e9es. Terre de Milpa et le dynamisme de son \u00e9quipe de b\u00e9n\u00e9voles, nous permet d&rsquo;envisager un projet innovant au service de l&rsquo;autre en s&rsquo;appuyant sur une agriculture responsable.<\/p>\n<\/div>\n<\/div>\n\n\n\n<p><\/p>\n\n\n\n<p><\/p>\n\n\n\n<p><\/p>\n","protected":false},"excerpt":{"rendered":"<p>L\u2019association Terre de Milpa a \u00e9t\u00e9 cr\u00e9\u00e9e en mars 2020 par sept lyonnais.es voulant donner vie \u00e0 ce projet. Nous avons la conviction qu\u2019un changement profond de la conduite de l\u2019\u00e9conomie, qui mettrait l\u2019emploi et l\u2019environnement au c\u0153ur des priorit\u00e9s de la soci\u00e9t\u00e9, permettra de faire reculer l\u2019exclusion et de garantir aux g\u00e9n\u00e9rations futures une &hellip; <\/p>\n<p class=\"link-more\"><a href=\"https:\/\/www.terredemilpa.fr\/?page_id=64\" class=\"more-link\">Lire la suite de<span class=\"screen-reader-text\">\u00ab\u00a0L\u2019association Terre de Milpa\u00a0\u00bb<\/span><\/a><\/p>\n","protected":false},"author":1,"featured_media":0,"parent":0,"menu_order":0,"comment_status":"closed","ping_status":"closed","template":"","meta":{"inspiro_hide_title":false,"footnotes":""},"class_list":["post-64","page","type-page","status-publish","hentry"],"_links":{"self":[{"href":"https:\/\/www.terredemilpa.fr\/index.php?rest_route=\/wp\/v2\/pages\/64","targetHints":{"allow":["GET"]}}],"collection":[{"href":"https:\/\/www.terredemilpa.fr\/index.php?rest_route=\/wp\/v2\/pages"}],"about":[{"href":"https:\/\/www.terredemilpa.fr\/index.php?rest_route=\/wp\/v2\/types\/page"}],"author":[{"embeddable":true,"href":"https:\/\/www.terredemilpa.fr\/index.php?rest_route=\/wp\/v2\/users\/1"}],"replies":[{"embeddable":true,"href":"https:\/\/www.terredemilpa.fr\/index.php?rest_route=%2Fwp%2Fv2%2Fcomments&post=64"}],"version-history":[{"count":11,"href":"https:\/\/www.terredemilpa.fr\/index.php?rest_route=\/wp\/v2\/pages\/64\/revisions"}],"predecessor-version":[{"id":449,"href":"https:\/\/www.terredemilpa.fr\/index.php?rest_route=\/wp\/v2\/pages\/64\/revisions\/449"}],"wp:attachment":[{"href":"https:\/\/www.terredemilpa.fr\/index.php?rest_route=%2Fwp%2Fv2%2Fmedia&parent=64"}],"curies":[{"name":"wp","href":"https:\/\/api.w.org\/{rel}","templated":true}]}}